{"id":491,"date":"2025-10-28T17:41:28","date_gmt":"2025-10-28T17:41:28","guid":{"rendered":"https:\/\/medynaturytienda.com\/carrito\/"},"modified":"2025-12-15T09:17:58","modified_gmt":"2025-12-15T09:17:58","slug":"carrito","status":"publish","type":"page","link":"https:\/\/medynaturytienda.com\/en\/carrito\/","title":{"rendered":"Carrito"},"content":{"rendered":"\n","protected":false},"excerpt":{"rendered":"","protected":false},"author":1,"featured_media":0,"parent":0,"menu_order":0,"comment_status":"open","ping_status":"closed","template":"","meta":{"_acf_changed":false,"iawp_total_views":0,"footnotes":""},"class_list":["post-491","page","type-page","status-publish","hentry"],"acf":[],"yoast_head":"<!-- This site is optimized with the Yoast SEO plugin v27.4 - https:\/\/yoast.com\/product\/yoast-seo-wordpress\/ -->\n<title>Carrito Vac\u00edo - MedyNatury Tienda Online<\/title>\n<meta name=\"description\" content=\"Descubre nuestros productos naturales. Tu carrito est\u00e1 vac\u00edo, pero puedes explorar y encontrar los mejores art\u00edculos en MedyNatury. Regresa a la tienda y contin\u00faa comprando.\" \/>\n<meta name=\"robots\" content=\"index, follow, max-snippet:-1, max-image-preview:large, max-video-preview:-1\" \/>\n<link rel=\"canonical\" href=\"https:\/\/medynaturytienda.com\/en\/carrito\/\" \/>\n<meta property=\"og:locale\" content=\"en_US\" \/>\n<meta property=\"og:type\" content=\"article\" \/>\n<meta property=\"og:title\" content=\"Carrito Vac\u00edo - MedyNatury Tienda Online\" \/>\n<meta property=\"og:description\" content=\"Descubre nuestros productos naturales. Tu carrito est\u00e1 vac\u00edo, pero puedes explorar y encontrar los mejores art\u00edculos en MedyNatury. Regresa a la tienda y contin\u00faa comprando.\" \/>\n<meta property=\"og:url\" content=\"https:\/\/medynaturytienda.com\/en\/carrito\/\" \/>\n<meta property=\"og:site_name\" content=\"MedyNatury\" \/>\n<meta property=\"article:modified_time\" content=\"2025-12-15T09:17:58+00:00\" \/>\n<meta name=\"twitter:card\" content=\"summary_large_image\" \/>\n<!-- \/ Yoast SEO plugin. -->","yoast_head_json":{"title":"Carrito Vac\u00edo - MedyNatury Tienda Online","description":"Descubre nuestros productos naturales. Tu carrito est\u00e1 vac\u00edo, pero puedes explorar y encontrar los mejores art\u00edculos en MedyNatury. Regresa a la tienda y contin\u00faa comprando.","robots":{"index":"index","follow":"follow","max-snippet":"max-snippet:-1","max-image-preview":"max-image-preview:large","max-video-preview":"max-video-preview:-1"},"canonical":"https:\/\/medynaturytienda.com\/en\/carrito\/","og_locale":"en_US","og_type":"article","og_title":"Carrito Vac\u00edo - MedyNatury Tienda Online","og_description":"Descubre nuestros productos naturales. Tu carrito est\u00e1 vac\u00edo, pero puedes explorar y encontrar los mejores art\u00edculos en MedyNatury. Regresa a la tienda y contin\u00faa comprando.","og_url":"https:\/\/medynaturytienda.com\/en\/carrito\/","og_site_name":"MedyNatury","article_modified_time":"2025-12-15T09:17:58+00:00","twitter_card":"summary_large_image","schema":{"@context":"https:\/\/schema.org","@graph":[{"@type":"WebPage","@id":"https:\/\/medynaturytienda.com\/en\/carrito\/","url":"https:\/\/medynaturytienda.com\/en\/carrito\/","name":"Carrito Vac\u00edo - MedyNatury Tienda Online","isPartOf":{"@id":"https:\/\/medynaturytienda.com\/en\/#website"},"datePublished":"2025-10-28T17:41:28+00:00","dateModified":"2025-12-15T09:17:58+00:00","description":"Descubre nuestros productos naturales. Tu carrito est\u00e1 vac\u00edo, pero puedes explorar y encontrar los mejores art\u00edculos en MedyNatury. Regresa a la tienda y contin\u00faa comprando.","breadcrumb":{"@id":"https:\/\/medynaturytienda.com\/en\/carrito\/#breadcrumb"},"inLanguage":"en-US","potentialAction":[{"@type":"ReadAction","target":["https:\/\/medynaturytienda.com\/en\/carrito\/"]}]},{"@type":"BreadcrumbList","@id":"https:\/\/medynaturytienda.com\/en\/carrito\/#breadcrumb","itemListElement":[{"@type":"ListItem","position":1,"name":"Portada","item":"https:\/\/medynaturytienda.com\/en\/"},{"@type":"ListItem","position":2,"name":"Carrito"}]},{"@type":"WebSite","@id":"https:\/\/medynaturytienda.com\/en\/#website","url":"https:\/\/medynaturytienda.com\/en\/","name":"MedyNatury","description":"","potentialAction":[{"@type":"SearchAction","target":{"@type":"EntryPoint","urlTemplate":"https:\/\/medynaturytienda.com\/en\/?s={search_term_string}"},"query-input":{"@type":"PropertyValueSpecification","valueRequired":true,"valueName":"search_term_string"}}],"inLanguage":"en-US"}]}},"_links":{"self":[{"href":"https:\/\/medynaturytienda.com\/en\/wp-json\/wp\/v2\/pages\/491","targetHints":{"allow":["GET"]}}],"collection":[{"href":"https:\/\/medynaturytienda.com\/en\/wp-json\/wp\/v2\/pages"}],"about":[{"href":"https:\/\/medynaturytienda.com\/en\/wp-json\/wp\/v2\/types\/page"}],"author":[{"embeddable":true,"href":"https:\/\/medynaturytienda.com\/en\/wp-json\/wp\/v2\/users\/1"}],"replies":[{"embeddable":true,"href":"https:\/\/medynaturytienda.com\/en\/wp-json\/wp\/v2\/comments?post=491"}],"version-history":[{"count":1,"href":"https:\/\/medynaturytienda.com\/en\/wp-json\/wp\/v2\/pages\/491\/revisions"}],"predecessor-version":[{"id":696,"href":"https:\/\/medynaturytienda.com\/en\/wp-json\/wp\/v2\/pages\/491\/revisions\/696"}],"wp:attachment":[{"href":"https:\/\/medynaturytienda.com\/en\/wp-json\/wp\/v2\/media?parent=491"}],"curies":[{"name":"wp","href":"https:\/\/api.w.org\/{rel}","templated":true}]}}